{"id":2,"date":"2019-03-21T16:49:44","date_gmt":"2019-03-21T16:49:44","guid":{"rendered":"http:\/\/cafe2sach.com\/?page_id=2"},"modified":"2026-03-15T16:29:02","modified_gmt":"2026-03-15T07:29:02","slug":"sample-page","status":"publish","type":"page","link":"https:\/\/cafe2sach.com\/index.php\/sample-page\/","title":{"rendered":"\u00dd t\u01b0\u1edfng v\u1ec1 cafe s\u00e1ch"},"content":{"rendered":"<article style=\"font-family: 'Georgia', serif; color: #3c3c3c; max-width: 800px; margin: auto; line-height: 1.8;\">\n<h2><img fetchpriority=\"high\" decoding=\"async\" class=\"alignnone wp-image-4908\" src=\"http:\/\/cafe2sach.com\/wp-content\/uploads\/2025\/04\/banner-300x200.png\" alt=\"\" width=\"671\" height=\"447\" srcset=\"https:\/\/cafe2sach.com\/wp-content\/uploads\/2025\/04\/banner-300x200.png 300w, https:\/\/cafe2sach.com\/wp-content\/uploads\/2025\/04\/banner-1024x683.png 1024w, https:\/\/cafe2sach.com\/wp-content\/uploads\/2025\/04\/banner-768x512.png 768w, https:\/\/cafe2sach.com\/wp-content\/uploads\/2025\/04\/banner-696x464.png 696w, https:\/\/cafe2sach.com\/wp-content\/uploads\/2025\/04\/banner-1392x928.png 1392w, https:\/\/cafe2sach.com\/wp-content\/uploads\/2025\/04\/banner-1068x712.png 1068w, https:\/\/cafe2sach.com\/wp-content\/uploads\/2025\/04\/banner-630x420.png 630w, https:\/\/cafe2sach.com\/wp-content\/uploads\/2025\/04\/banner-1260x840.png 1260w, https:\/\/cafe2sach.com\/wp-content\/uploads\/2025\/04\/banner.png 1536w\" sizes=\"(max-width: 671px) 100vw, 671px\" \/><\/h2>\n<div id=\"toc_container\" class=\"no_bullets\"><p class=\"toc_title\">N\u1ed9i dung ch&iacute;nh<\/p><ul class=\"toc_list\"><li><a href=\"#i\"><span class=\"toc_number toc_depth_1\">1<\/span> \u2615<\/a><ul><li><a href=\"#_Ca_phe_sach_va_su_lang_le\"><span class=\"toc_number toc_depth_2\">1.1<\/span> \ud83d\udcda C\u00e0 ph\u00ea, s\u00e1ch v\u00e0 s\u1ef1 l\u1eb7ng l\u1ebd<\/a><\/li><li><a href=\"#_Ve_trang_blog_nay\"><span class=\"toc_number toc_depth_2\">1.2<\/span> \ud83c\udf3f V\u1ec1 trang blog n\u00e0y<\/a><\/li><li><a href=\"#_Ket_noi_Gop_but\"><span class=\"toc_number toc_depth_2\">1.3<\/span> \ud83d\udcac K\u1ebft n\u1ed1i &amp; G\u00f3p b\u00fat<\/a><\/li><li><a href=\"#_Ung_dung_Cafe_Mapin\"><span class=\"toc_number toc_depth_2\">1.4<\/span> \ud83d\udccd \u1ee8ng d\u1ee5ng Cafe Mapin<\/a><\/li><li><a href=\"#_Donate_mot_ly_ca_phe\"><span class=\"toc_number toc_depth_2\">1.5<\/span> \u2615 Donate m\u1ed9t ly c\u00e0 ph\u00ea?<\/a><\/li><li><a href=\"#_Doi_loi_cuoi8230\"><span class=\"toc_number toc_depth_2\">1.6<\/span> \ud83c\udf43 \u0110\u00f4i l\u1eddi cu\u1ed1i&#8230;<\/a><ul><li><a href=\"#8220Get_wisdom_get_understanding_do_not_forget_my_words_or_swerve_from_them_Do_not_forsake_wisdom_and_she_will_protect_you_love_her_and_she_will_watch_over_you_Wisdom_is_supreme_therefore_get_wisdom_Though_it_costs_all_you_have_get_understanding_Esteem_her_and_she_will_exalt_you_embrace_her_and_she_will_honor_you_Proverbs_458_NIV\"><span class=\"toc_number toc_depth_3\">1.6.1<\/span> &#8220;Get wisdom, get understanding; do not forget my words or swerve from them. Do not forsake wisdom, and she will protect you; love her, and she will watch over you. Wisdom is supreme; therefore get wisdom. Though it costs all you have, get understanding. Esteem her, and she will exalt you; embrace her, and she will honor you.\u201d (Proverbs 4:5\u20138, NIV)<\/a><\/li><\/ul><\/li><\/ul><\/li><\/ul><\/div>\n<h2 style=\"font-family: 'Playfair Display', serif; color: #6b4c3b;\"><span id=\"i\">\u2615<\/span><\/h2>\n<p><strong>\u2013 Albert Camus<\/strong><\/p>\n<blockquote style=\"border-left: 4px solid #A18976; padding-left: 16px; font-style: italic; color: #555;\"><p>T\u00f4i xin tr\u00edch c\u00e2u n\u00f3i n\u00e0y c\u1ee7a Albert Camus nh\u01b0 m\u1ed9t l\u1eddi m\u1edf \u0111\u1ea7u. C\u00f3 l\u1ebd, ch\u00fang ta \u0111\u1ec1u t\u1eebng c\u1ea3m th\u1ea5y c\u00e2u h\u1ecfi n\u00e0y th\u1eadt g\u1ea7n g\u0169i: li\u1ec7u cu\u1ed9c s\u1ed1ng c\u00f3 th\u1ec3 gi\u1ea3n \u0111\u01a1n h\u00f3a \u0111\u1ebfn m\u1ee9c ch\u1ec9 c\u00f2n l\u00e0 l\u1ef1a ch\u1ecdn gi\u1eefa ch\u1ea5m d\u1ee9t hay ti\u1ebfp t\u1ee5c \u2013 \u0111\u01a1n gi\u1ea3n nh\u01b0 khi ch\u00fang ta ch\u1ecdn m\u1ed9t ly c\u00e0 ph\u00ea?<\/p><\/blockquote>\n<p>Cu\u1ed9c \u0111\u1eddi l\u00e0 chu\u1ed7i nh\u1eefng chi\u00eam nghi\u1ec7m kh\u00f4ng ng\u1eebng. T\u1eeb nh\u1eefng \u0111i\u1ec1u l\u1edbn lao nh\u01b0 s\u1ef1 s\u1ed1ng \u2013 c\u00e1i ch\u1ebft, cho \u0111\u1ebfn nh\u1eefng \u0111i\u1ec1u b\u00e9 nh\u1ecf nh\u01b0 vi\u1ec7c ch\u1ecdn m\u1ed9t ly c\u00e0 ph\u00ea bu\u1ed5i s\u1edbm. M\u1ed7i kho\u1ea3nh kh\u1eafc s\u1ed1ng \u0111\u1ec1u l\u00e0 m\u1ed9t l\u1ef1a ch\u1ecdn, v\u00e0 ta ch\u00ednh l\u00e0 ng\u01b0\u1eddi vi\u1ebft n\u00ean h\u00e0nh tr\u00ecnh \u0111\u00f3.<\/p>\n<h3 style=\"color: #6b4c3b;\"><span id=\"_Ca_phe_sach_va_su_lang_le\">\ud83d\udcda C\u00e0 ph\u00ea, s\u00e1ch v\u00e0 s\u1ef1 l\u1eb7ng l\u1ebd<\/span><\/h3>\n<p>V\u1edbi t\u00f4i, chi\u00eam nghi\u1ec7m ch\u1eb3ng th\u1ec3 n\u00e0o thi\u1ebfu \u0111i h\u01b0\u01a1ng v\u1ecb c\u1ee7a c\u00e0 ph\u00ea. C\u00f2n g\u00ec tuy\u1ec7t v\u1eddi h\u01a1n khi \u0111\u01b0\u1ee3c th\u1ea3nh th\u01a1i \u0111\u1ecdc m\u1ed9t cu\u1ed1n s\u00e1ch hay trong m\u1ed9t g\u00f3c nh\u1ecf t\u0129nh l\u1eb7ng? T\u1ef1 cho m\u00ecnh quy\u1ec1n \u0111\u01b0\u1ee3c hi\u1ec3u ng\u01b0\u1eddi, hi\u1ec3u \u0111\u1eddi, b\u1eb1ng \u0111\u00f4i m\u1eaft \u2013 b\u1eb1ng l\u00fd tr\u00ed.<\/p>\n<p>\u0110\u1ecdc s\u00e1ch l\u00e0 m\u1ed9t c\u00e1ch s\u1ed1ng song song \u2013 n\u01a1i m\u00e0 ta \u0111\u01b0\u1ee3c b\u00f3c t\u00e1ch, ph\u00e2n t\u00edch, hi\u1ec3u s\u00e2u m\u00e0 kh\u00f4ng b\u1ecb ai ph\u00e1n x\u00e9t. Trong cu\u1ed9c s\u1ed1ng v\u1ed1n x\u00f4 b\u1ed3 v\u00e0 ng\u1ed9t ng\u1ea1t, h\u00e3y cho m\u00ecnh quy\u1ec1n \u0111\u01b0\u1ee3c \u1edf m\u1ed9t m\u00ecnh \u2013 v\u1edbi m\u1ed9t t\u00e1ch c\u00e0 ph\u00ea ngon v\u00e0 m\u1ed9t cu\u1ed1n s\u00e1ch hay. \u0110\u1ec3 \u0111\u01b0\u1ee3c s\u1ed1ng ch\u1eadm l\u1ea1i, \u0111\u1ec3 c\u1ea3m nh\u1eadn m\u00ecnh r\u00f5 h\u01a1n trong c\u00e1i hi\u1ec7n t\u1ea1i kh\u00f4ng g\u1ea5p g\u00e1p.<\/p>\n<h3 style=\"color: #6b4c3b;\"><span id=\"_Ve_trang_blog_nay\">\ud83c\udf3f V\u1ec1 trang blog n\u00e0y<\/span><\/h3>\n<p>Xin ch\u00e0o c\u00e1c b\u1ea1n! R\u1ea5t vui v\u00ec c\u00e1c b\u1ea1n \u0111\u00e3 gh\u00e9 th\u0103m blog c\u1ee7a m\u00ecnh. \u0110\u00e2y l\u00e0 n\u01a1i m\u00ecnh chia s\u1ebb:<\/p>\n<ul>\n<li>\ud83d\udcd6 <strong>Review s\u00e1ch hay<\/strong> \u2013 do m\u00ecnh vi\u1ebft ho\u1eb7c t\u1eeb b\u1ea1n b\u00e8 th\u00e2n quen.<\/li>\n<li>\ud83d\udcdd <strong>Th\u01a1 v\u00e0 c\u1ea3m x\u00fac<\/strong> \u2013 nh\u1eefng b\u00e0i th\u01a1 ti\u1ec3u thuy\u1ebft do m\u00ecnh vi\u1ebft ho\u1eb7c\u00a0 \u0111\u1ed3ng c\u1ea3m v\u00e0 c\u1ee7a m\u1ed9t s\u1ed1 t\u00e1c\u00a0 gi\u1ea3 kh\u00e1c<\/li>\n<li>\u2615 <strong>G\u00f3c c\u00e0 ph\u00ea<\/strong> \u2013 chia s\u1ebb h\u00ecnh \u1ea3nh v\u00e0 c\u1ea3m nh\u1eadn v\u1ec1 nh\u1eefng qu\u00e1n c\u00e0 ph\u00ea s\u00e1ch m\u00ecnh y\u00eau th\u00edch.<\/li>\n<li>\ud83d\udcbb <strong>Suy ngh\u0129 v\u1ec1 l\u1eadp tr\u00ecnh, khoa h\u1ecdc v\u00e0 cu\u1ed9c s\u1ed1ng<\/strong>.<\/li>\n<\/ul>\n<h3 style=\"color: #6b4c3b;\"><span id=\"_Ket_noi_Gop_but\">\ud83d\udcac K\u1ebft n\u1ed1i &amp; G\u00f3p b\u00fat<\/span><\/h3>\n<p>N\u1ebfu b\u1ea1n y\u00eau th\u00edch s\u00e1ch, y\u00eau s\u1ef1 chi\u00eam nghi\u1ec7m v\u00e0 mong mu\u1ed1n chia s\u1ebb b\u00e0i vi\u1ebft c\u1ee7a ri\u00eang b\u1ea1n \u2013 \u0111\u1eebng ng\u1ea7n ng\u1ea1i k\u1ebft n\u1ed1i v\u1edbi m\u00ecnh \u0111\u1ec3 \u0111\u00f3ng g\u00f3p cho blog nh\u00e9! M\u1ecdi b\u00e0i vi\u1ebft \u0111\u1ec1u \u0111\u01b0\u1ee3c ghi t\u00ean t\u00e1c gi\u1ea3 v\u00e0 ng\u00e0y xu\u1ea5t b\u1ea3n \u0111\u1ea7y \u0111\u1ee7. <a href=\"https:\/\/cafe2sach.com\/submit\/\">https:\/\/cafe2sach.com\/submit\/<\/a><\/p>\n<h3 style=\"color: #6b4c3b;\"><span id=\"_Ung_dung_Cafe_Mapin\">\ud83d\udccd \u1ee8ng d\u1ee5ng Cafe Mapin<\/span><\/h3>\n<p>&nbsp;<\/p>\n<\/article>\n<article style=\"font-family: 'Georgia', serif; color: #3c3c3c; max-width: 800px; margin: auto; line-height: 1.8;\">\n<h3 style=\"color: #6b4c3b;\"><span id=\"_Donate_mot_ly_ca_phe\">\u2615 Donate m\u1ed9t ly c\u00e0 ph\u00ea?<\/span><\/h3>\n<p>N\u1ebfu b\u1ea1n th\u1ea5y blog h\u1eefu \u00edch v\u00e0 mu\u1ed1n \u1ee7ng h\u1ed9 m\u1ed9t ly c\u00e0 ph\u00ea cho m\u00ecnh, xin c\u1ea3m \u01a1n b\u1ea1n th\u1eadt nhi\u1ec1u \ud83d\udc9b<\/p>\n<p><strong>BTC Wallet: bc1qu80yvxvds3qqdw5nxqcygtsnll<wbr \/>te48rkhh28lc<\/strong><\/p>\n<p><img decoding=\"async\" class=\"alignnone size-medium wp-image-5215\" src=\"http:\/\/cafe2sach.com\/wp-content\/uploads\/2026\/03\/IMG_7756-180x300.png\" alt=\"\" width=\"180\" height=\"300\" srcset=\"https:\/\/cafe2sach.com\/wp-content\/uploads\/2026\/03\/IMG_7756-180x300.png 180w, https:\/\/cafe2sach.com\/wp-content\/uploads\/2026\/03\/IMG_7756-614x1024.png 614w, https:\/\/cafe2sach.com\/wp-content\/uploads\/2026\/03\/IMG_7756-768x1280.png 768w, https:\/\/cafe2sach.com\/wp-content\/uploads\/2026\/03\/IMG_7756-922x1536.png 922w, https:\/\/cafe2sach.com\/wp-content\/uploads\/2026\/03\/IMG_7756-696x1160.png 696w, https:\/\/cafe2sach.com\/wp-content\/uploads\/2026\/03\/IMG_7756-252x420.png 252w, https:\/\/cafe2sach.com\/wp-content\/uploads\/2026\/03\/IMG_7756-504x840.png 504w, https:\/\/cafe2sach.com\/wp-content\/uploads\/2026\/03\/IMG_7756.png 999w\" sizes=\"(max-width: 180px) 100vw, 180px\" \/><\/p>\n<h3 style=\"color: #6b4c3b;\"><span id=\"_Doi_loi_cuoi8230\">\ud83c\udf43 \u0110\u00f4i l\u1eddi cu\u1ed1i&#8230;<\/span><\/h3>\n<p>Cu\u1ed9c s\u1ed1ng \u0111\u00f4i khi c\u00f3 nh\u1eefng gi\u00e2y ph\u00fat l\u1eb7ng \u0111\u1ebfn kh\u00f4ng ng\u1edd. \u1ede m\u1ed9t kh\u00f4ng gian n\u00e0o \u0111\u00f3 \u2013 t\u00f4i, b\u1ea1n, hay b\u1ea5t k\u1ef3 ai \u2013 \u0111\u1ec1u c\u00f3 l\u00fac c\u1ea7n thu m\u00ecnh l\u1ea1i \u0111\u1ec3 suy ng\u1eabm. Kh\u00f4ng v\u00ec vui, ch\u1eb3ng v\u00ec bu\u1ed3n, ch\u1ec9 \u0111\u01a1n gi\u1ea3n l\u00e0&#8230; \u0111\u1ec3 hi\u1ec3u m\u00ecnh h\u01a1n.<\/p>\n<p><em>H\u00e3y nh\u00e2m nhi m\u1ed9t t\u00e1ch c\u00e0 ph\u00ea, v\u00e0 t\u00ecm ngu\u1ed3n c\u1ea3m h\u1ee9ng t\u1eeb nh\u1eefng trang s\u00e1ch, hay t\u1eeb m\u1ed9t kh\u00e1i ni\u1ec7m khoa h\u1ecdc th\u00fa v\u1ecb n\u00e0o \u0111\u00f3 nh\u00e9.<\/em><\/p>\n<h4><span id=\"8220Get_wisdom_get_understanding_do_not_forget_my_words_or_swerve_from_them_Do_not_forsake_wisdom_and_she_will_protect_you_love_her_and_she_will_watch_over_you_Wisdom_is_supreme_therefore_get_wisdom_Though_it_costs_all_you_have_get_understanding_Esteem_her_and_she_will_exalt_you_embrace_her_and_she_will_honor_you_Proverbs_458_NIV\">&#8220;Get wisdom, get understanding; do not forget my words or swerve from them. Do not forsake wisdom, and she will protect you; love her, and she will watch over you. Wisdom is supreme; therefore get wisdom. Though it costs all you have, get understanding. Esteem her, and she will exalt you; embrace her, and she will honor you.\u201d (Proverbs 4:5\u20138, NIV)<\/span><\/h4>\n<p style=\"text-align: right;\"><strong>\u2014 Admin &#8211;\u00a0<\/strong><\/p>\n<\/article>\n","protected":false},"excerpt":{"rendered":"<p>N\u1ed9i dung ch&iacute;nh1 \u26151.1 \ud83d\udcda C\u00e0 ph\u00ea, s\u00e1ch v\u00e0 s\u1ef1 l\u1eb7ng l\u1ebd1.2 \ud83c\udf3f V\u1ec1 trang blog n\u00e0y1.3 \ud83d\udcac K\u1ebft n\u1ed1i [&hellip;]<\/p>\n","protected":false},"author":1,"featured_media":0,"parent":0,"menu_order":0,"comment_status":"open","ping_status":"open","template":"","meta":{"footnotes":""},"class_list":["post-2","page","type-page","status-publish","hentry"],"_links":{"self":[{"href":"https:\/\/cafe2sach.com\/index.php\/wp-json\/wp\/v2\/pages\/2","targetHints":{"allow":["GET"]}}],"collection":[{"href":"https:\/\/cafe2sach.com\/index.php\/wp-json\/wp\/v2\/pages"}],"about":[{"href":"https:\/\/cafe2sach.com\/index.php\/wp-json\/wp\/v2\/types\/page"}],"author":[{"embeddable":true,"href":"https:\/\/cafe2sach.com\/index.php\/wp-json\/wp\/v2\/users\/1"}],"replies":[{"embeddable":true,"href":"https:\/\/cafe2sach.com\/index.php\/wp-json\/wp\/v2\/comments?post=2"}],"version-history":[{"count":36,"href":"https:\/\/cafe2sach.com\/index.php\/wp-json\/wp\/v2\/pages\/2\/revisions"}],"predecessor-version":[{"id":5216,"href":"https:\/\/cafe2sach.com\/index.php\/wp-json\/wp\/v2\/pages\/2\/revisions\/5216"}],"wp:attachment":[{"href":"https:\/\/cafe2sach.com\/index.php\/wp-json\/wp\/v2\/media?parent=2"}],"curies":[{"name":"wp","href":"https:\/\/api.w.org\/{rel}","templated":true}]}}