{"id":4954,"date":"2025-07-18T08:16:21","date_gmt":"2025-07-18T07:16:21","guid":{"rendered":"https:\/\/cafe2sach.com\/?page_id=4954"},"modified":"2025-07-18T08:16:21","modified_gmt":"2025-07-18T07:16:21","slug":"dang-ky","status":"publish","type":"page","link":"https:\/\/cafe2sach.com\/index.php\/dang-ky\/","title":{"rendered":"\u0110\u0103ng K\u00fd"},"content":{"rendered":"<p>[custom_registration_form]<\/p>\n","protected":false},"excerpt":{"rendered":"<p>[custom_registration_form]<\/p>\n","protected":false},"author":1,"featured_media":0,"parent":0,"menu_order":0,"comment_status":"closed","ping_status":"closed","template":"","meta":{"footnotes":""},"class_list":["post-4954","page","type-page","status-publish","hentry"],"_links":{"self":[{"href":"https:\/\/cafe2sach.com\/index.php\/wp-json\/wp\/v2\/pages\/4954","targetHints":{"allow":["GET"]}}],"collection":[{"href":"https:\/\/cafe2sach.com\/index.php\/wp-json\/wp\/v2\/pages"}],"about":[{"href":"https:\/\/cafe2sach.com\/index.php\/wp-json\/wp\/v2\/types\/page"}],"author":[{"embeddable":true,"href":"https:\/\/cafe2sach.com\/index.php\/wp-json\/wp\/v2\/users\/1"}],"replies":[{"embeddable":true,"href":"https:\/\/cafe2sach.com\/index.php\/wp-json\/wp\/v2\/comments?post=4954"}],"version-history":[{"count":1,"href":"https:\/\/cafe2sach.com\/index.php\/wp-json\/wp\/v2\/pages\/4954\/revisions"}],"predecessor-version":[{"id":4955,"href":"https:\/\/cafe2sach.com\/index.php\/wp-json\/wp\/v2\/pages\/4954\/revisions\/4955"}],"wp:attachment":[{"href":"https:\/\/cafe2sach.com\/index.php\/wp-json\/wp\/v2\/media?parent=4954"}],"curies":[{"name":"wp","href":"https:\/\/api.w.org\/{rel}","templated":true}]}}