{"id":4991,"date":"2025-07-30T05:07:19","date_gmt":"2025-07-30T04:07:19","guid":{"rendered":"https:\/\/cafe2sach.com\/?page_id=4991"},"modified":"2026-04-01T09:52:27","modified_gmt":"2026-04-01T00:52:27","slug":"tin-tuc-viet-nam","status":"publish","type":"page","link":"https:\/\/cafe2sach.com\/index.php\/tin-tuc-viet-nam\/","title":{"rendered":"Tin t\u1ee9c Vi\u1ec7t Nam"},"content":{"rendered":"<p><a href=\"https:\/\/cafe2sach.com\/tong-hop-tin-tuc-bang-ai\" target=\"_blank\">T\u1ed5ng h\u1ee3p tin t\u1ee9c vi\u1ec7t Nam<\/a><style>\n        .na-news-grid {\n            display: grid;\n            grid-template-columns: repeat(auto-fill, minmax(300px, 1fr));\n            gap: 20px;\n            margin: 20px 0;\n        }\n        .na-card {\n            background: #fff;\n            border-radius: 10px;\n            box-shadow: 0 2px 8px rgba(0,0,0,0.1);\n            overflow: hidden;\n            display: flex;\n            flex-direction: column;\n            transition: transform 0.2s ease;\n        }\n        .na-card:hover {\n            transform: translateY(-5px);\n        }\n        .na-card img {\n            width: 100%;\n            height: 180px;\n            object-fit: cover;\n        }\n        .na-card-content {\n            padding: 15px;\n            flex-grow: 1;\n        }\n        .na-card-content h3 {\n            font-size: 1.1em;\n            margin: 0 0 10px;\n        }\n        .na-card-content p {\n            font-size: 0.9em;\n            color: #444;\n        }\n        .na-meta {\n            font-size: 0.8em;\n            color: #888;\n            margin-top: 10px;\n        }\n    <\/style><div class=\"na-news-grid\"><div class=\"na-card\"><div class=\"na-card-content\"><div id=\"toc_container\" class=\"no_bullets\"><p class=\"toc_title\">N\u1ed9i dung ch&iacute;nh<\/p><ul class=\"toc_list\"><li><a href=\"#Thoi_tiet_hom_nay_1-5_Nam_Bo_van_nang_gat_nhung_dot_nang_nong_sap_ket_thuc\"><span class=\"toc_number toc_depth_1\">1<\/span> Th\u1eddi ti\u1ebft h\u00f4m nay 1-5: Nam B\u1ed9 v\u1eabn n\u1eafng g\u1eaft nh\u01b0ng \u0111\u1ee3t n\u1eafng n\u00f3ng s\u1eafp k\u1ebft th\u00fac<\/a><\/li><li><a href=\"#Lich_truc_tiep_V-League_vong_21_The_Cong_-_Viettel_dau_Ninh_Binh\"><span class=\"toc_number toc_depth_1\">2<\/span> L\u1ecbch tr\u1ef1c ti\u1ebfp V-League v\u00f2ng 21: Th\u1ec3 C\u00f4ng - Viettel \u0111\u1ea5u Ninh B\u00ecnh<\/a><\/li><li><a href=\"#Ngay_dau_nghi_le_Du_khach_den_Phu_Yen_dong_nhu_tray_hoi_tu_sang_den_toi\"><span class=\"toc_number toc_depth_1\">3<\/span> Ng\u00e0y \u0111\u1ea7u ngh\u1ec9 l\u1ec5: Du kh\u00e1ch \u0111\u1ebfn Ph\u00fa Y\u00ean \u0111\u00f4ng nh\u01b0 tr\u1ea9y h\u1ed9i t\u1eeb s\u00e1ng \u0111\u1ebfn t\u1ed1i<\/a><\/li><li><a href=\"#Trung_Dong_toi_30-4_Lanh_tu_toi_cao_Iran_gui_thu_cho_nguoi_dan\"><span class=\"toc_number toc_depth_1\">4<\/span> Trung \u0110\u00f4ng t\u1ed1i 30-4: L\u00e3nh t\u1ee5 t\u1ed1i cao Iran g\u1eedi th\u01b0 cho ng\u01b0\u1eddi d\u00e2n<\/a><\/li><li><a href=\"#Ruc_ro_phao_hoa_dem_nghe_thuat_039Dong_Nai_dong_chay_lich_su_-_khat_vong_tuong_lai039\"><span class=\"toc_number toc_depth_1\">5<\/span> R\u1ef1c r\u1ee1 ph\u00e1o hoa \u0111\u00eam ngh\u1ec7 thu\u1eadt &#039;\u0110\u1ed3ng Nai d\u00f2ng ch\u1ea3y l\u1ecbch s\u1eed - kh\u00e1t v\u1ecdng t\u01b0\u01a1ng lai&#039;<\/a><\/li><li><a href=\"#Hoc_gi_de_khong_bi_AI_thay_the\"><span class=\"toc_number toc_depth_1\">6<\/span> H\u1ecdc g\u00ec \u0111\u1ec3 kh\u00f4ng b\u1ecb AI thay th\u1ebf?<\/a><\/li><li><a href=\"#Simeone_va_hau_ve_Arsenal_cang_thang_vi_chuyen_giam_len_logo_Atletico\"><span class=\"toc_number toc_depth_1\">7<\/span> Simeone v\u00e0 h\u1eadu v\u1ec7 Arsenal c\u0103ng th\u1eb3ng v\u00ec chuy\u1ec7n gi\u1eabm l\u00ean logo Atletico<\/a><\/li><li><a href=\"#Mount_039Man_Utd_co_the_vo_dich_Ngoai_hang_Anh_mua_toi039\"><span class=\"toc_number toc_depth_1\">8<\/span> Mount: &#039;Man Utd c\u00f3 th\u1ec3 v\u00f4 \u0111\u1ecbch Ngo\u1ea1i h\u1ea1ng Anh m\u00f9a t\u1edbi&#039;<\/a><\/li><li><a href=\"#Dieu_gi_xay_ra_neu_uong_nuoc_dua_chuot_thuong_xuyen\"><span class=\"toc_number toc_depth_1\">9<\/span> \u0110i\u1ec1u g\u00ec x\u1ea3y ra n\u1ebfu u\u1ed1ng n\u01b0\u1edbc d\u01b0a chu\u1ed9t th\u01b0\u1eddng xuy\u00ean?<\/a><\/li><li><a href=\"#Hoc_sinh_che_keo_boi_vet_thuong_tu_tra_re_bang_110_hang_ngoai\"><span class=\"toc_number toc_depth_1\">10<\/span> H\u1ecdc sinh ch\u1ebf keo b\u00f4i v\u1ebft th\u01b0\u01a1ng t\u1eeb tr\u00e0, r\u1ebb b\u1eb1ng 1\/10 h\u00e0ng ngo\u1ea1i<\/a><\/li><li><a href=\"#Diem_tua_an_sinh_giua_TPHCM_Khi_nhung_cuoc_doi_duoc_giu_lai_dung_luc\"><span class=\"toc_number toc_depth_1\">11<\/span> \u0110i\u1ec3m t\u1ef1a an sinh gi\u1eefa TP.HCM: Khi nh\u1eefng cu\u1ed9c \u0111\u1eddi \u0111\u01b0\u1ee3c gi\u1eef l\u1ea1i \u0111\u00fang l\u00fac<\/a><\/li><li><a href=\"#Bi_an_mieu_co_135_nam_giua_TPHCM_Dau_tich_nhung_vo_tuong_thoi_Nguyen\"><span class=\"toc_number toc_depth_1\">12<\/span> B\u00ed \u1ea9n mi\u1ebfu c\u1ed5 135 n\u0103m gi\u1eefa TP.HCM: D\u1ea5u t\u00edch nh\u1eefng v\u00f5 t\u01b0\u1edbng th\u1eddi Nguy\u1ec5n<\/a><\/li><li><a href=\"#Phuong_Nam_hoi_tu_va_dung_hoa_van_hoa\"><span class=\"toc_number toc_depth_1\">13<\/span> Ph\u01b0\u01a1ng Nam h\u1ed9i t\u1ee5 v\u00e0 dung h\u00f2a v\u0103n h\u00f3a<\/a><\/li><li><a href=\"#Dong_Nai_039len_doi039_ngoan_muc_Nguoi_tre_hanh_dien_truoc_buoc_ngoat_lich_su\"><span class=\"toc_number toc_depth_1\">14<\/span> \u0110\u1ed3ng Nai &#039;l\u00ean \u0111\u1eddi&#039; ngo\u1ea1n m\u1ee5c: Ng\u01b0\u1eddi tr\u1ebb h\u00e3nh di\u1ec7n tr\u01b0\u1edbc b\u01b0\u1edbc ngo\u1eb7t l\u1ecbch s\u1eed<\/a><\/li><li><a href=\"#Clip_em_trai_tang_chai_tien_tiet_kiem_trong_dam_hoi_co_dau_nghen_ngao\"><span class=\"toc_number toc_depth_1\">15<\/span> Clip em trai t\u1eb7ng chai ti\u1ec1n ti\u1ebft ki\u1ec7m trong \u0111\u00e1m h\u1ecfi, c\u00f4 d\u00e2u ngh\u1eb9n ng\u00e0o<\/a><\/li><li><a href=\"#Bao_Nhan_Dan_so_25733\"><span class=\"toc_number toc_depth_1\">16<\/span> B\u00e1o Nh\u00e2n D\u00e2n s\u1ed1 25733<\/a><\/li><li><a href=\"#Vi_pham_ban_quyen_xuat_ban_gia_tang_lan_rong_tren_moi_truong_so\"><span class=\"toc_number toc_depth_1\">17<\/span> Vi ph\u1ea1m b\u1ea3n quy\u1ec1n xu\u1ea5t b\u1ea3n gia t\u0103ng, lan r\u1ed9ng tr\u00ean m\u00f4i tr\u01b0\u1eddng s\u1ed1<\/a><\/li><li><a href=\"#Video_Du_bao_thoi_tiet_ngay_0152026_Khong_khi_lanh_suy_yeu_nang_mo_rong_tren_ca_nuoc_mien_Nam_duy_tri_nang_nong\"><span class=\"toc_number toc_depth_1\">18<\/span> [Video] D\u1ef1 b\u00e1o th\u1eddi ti\u1ebft ng\u00e0y 01\/5\/2026: Kh\u00f4ng kh\u00ed l\u1ea1nh suy y\u1ebfu, n\u1eafng m\u1edf r\u1ed9ng tr\u00ean c\u1ea3 n\u01b0\u1edbc, mi\u1ec1n Nam duy tr\u00ec n\u1eafng n\u00f3ng<\/a><\/li><li><a href=\"#Video_Ngay_Quoc_te_Lao_dong_15_Cham_lo_viec_lam_doi_song_nguoi_lao_dong\"><span class=\"toc_number toc_depth_1\">19<\/span> [Video] Ng\u00e0y Qu\u1ed1c t\u1ebf Lao \u0111\u1ed9ng 1\/5 \u2013 Ch\u0103m lo vi\u1ec7c l\u00e0m, \u0111\u1eddi s\u1ed1ng ng\u01b0\u1eddi lao \u0111\u1ed9ng<\/a><\/li><li><a href=\"#Video_Pha_duong_day_mua_ban_trai_phep_hon_16700_hoa_don\"><span class=\"toc_number toc_depth_1\">20<\/span> [Video] Ph\u00e1 \u0111\u01b0\u1eddng d\u00e2y mua b\u00e1n tr\u00e1i ph\u00e9p h\u01a1n 16.700 h\u00f3a \u0111\u01a1n<\/a><\/li><\/ul><\/div>\n<h3><span id=\"Thoi_tiet_hom_nay_1-5_Nam_Bo_van_nang_gat_nhung_dot_nang_nong_sap_ket_thuc\"><a href=\"https:\/\/tuoitre.vn\/thoi-tiet-hom-nay-1-5-nam-bo-van-nang-gat-nhung-dot-nang-nong-sap-ket-thuc-202604301622515.htm\" target=\"_blank\" rel=\"noopener noreferrer\">Th\u1eddi ti\u1ebft h\u00f4m nay 1-5: Nam B\u1ed9 v\u1eabn n\u1eafng g\u1eaft nh\u01b0ng \u0111\u1ee3t n\u1eafng n\u00f3ng s\u1eafp k\u1ebft th\u00fac<\/a><\/span><\/h3><p>H\u00f4m nay 1-5, th\u1eddi ti\u1ebft Nam B\u1ed9 v\u1eabn n\u1eafng gay g\u1eaft nh\u01b0ng \u0111\u1ee3t n\u1eafng n\u00f3ng s\u1eafp k\u1ebft th\u00fac, th\u1eddi ti\u1ebft d\u1ecbu d\u1ea7n v\u00e0 m\u01b0a xu\u1ea5t hi\u1ec7n nhi\u1ec1...<\/p><div class=\"na-meta\">01\/05\/2026 05:07 | tuoitre.vn<\/div><\/div><\/div><div class=\"na-card\"><div class=\"na-card-content\"><h3><span id=\"Lich_truc_tiep_V-League_vong_21_The_Cong_-_Viettel_dau_Ninh_Binh\"><a href=\"https:\/\/tuoitre.vn\/lich-truc-tiep-v-league-vong-21-the-cong-viettel-dau-ninh-binh-20260430085131811.htm\" target=\"_blank\" rel=\"noopener noreferrer\">L\u1ecbch tr\u1ef1c ti\u1ebfp V-League v\u00f2ng 21: Th\u1ec3 C\u00f4ng - Viettel \u0111\u1ea5u Ninh B\u00ecnh<\/a><\/span><\/h3><p>T\u00e2m \u0111i\u1ec3m c\u1ee7a v\u00f2ng 21 V-League 2025-2026 l\u00e0 cu\u1ed9c \u0111\u1ee5ng \u0111\u1ed9 gi\u1eefa CLB Th\u1ec3 C\u00f4ng - Viettel v\u1edbi Ninh B\u00ecnh....<\/p><div class=\"na-meta\">01\/05\/2026 05:00 | tuoitre.vn<\/div><\/div><\/div><div class=\"na-card\"><div class=\"na-card-content\"><h3><span id=\"Ngay_dau_nghi_le_Du_khach_den_Phu_Yen_dong_nhu_tray_hoi_tu_sang_den_toi\"><a href=\"https:\/\/tuoitre.vn\/ngay-dau-nghi-le-du-khach-den-phu-yen-dong-nhu-tray-hoi-tu-sang-den-toi-20260430224056596.htm\" target=\"_blank\" rel=\"noopener noreferrer\">Ng\u00e0y \u0111\u1ea7u ngh\u1ec9 l\u1ec5: Du kh\u00e1ch \u0111\u1ebfn Ph\u00fa Y\u00ean \u0111\u00f4ng nh\u01b0 tr\u1ea9y h\u1ed9i t\u1eeb s\u00e1ng \u0111\u1ebfn t\u1ed1i<\/a><\/span><\/h3><p>K\u1ef3 ngh\u1ec9 l\u1ec5 30-4, 1-5 khu v\u1ef1c ph\u01b0\u1eddng Tuy H\u00f2a, \u0110\u1eafk L\u1eafk (tr\u01b0\u1edbc thu\u1ed9c Ph\u00fa Y\u00ean) \u0111\u00f3n l\u01b0\u1ee3ng l\u1edbn du kh\u00e1ch \u0111\u1ed5 v\u1ec1 tham quan, vui c...<\/p><div class=\"na-meta\">01\/05\/2026 00:55 | tuoitre.vn<\/div><\/div><\/div><div class=\"na-card\"><div class=\"na-card-content\"><h3><span id=\"Trung_Dong_toi_30-4_Lanh_tu_toi_cao_Iran_gui_thu_cho_nguoi_dan\"><a href=\"https:\/\/tuoitre.vn\/trung-dong-toi-30-4-lanh-tu-toi-cao-iran-gui-thu-cho-nguoi-dan-2026043023505537.htm\" target=\"_blank\" rel=\"noopener noreferrer\">Trung \u0110\u00f4ng t\u1ed1i 30-4: L\u00e3nh t\u1ee5 t\u1ed1i cao Iran g\u1eedi th\u01b0 cho ng\u01b0\u1eddi d\u00e2n<\/a><\/span><\/h3><p>Gi\u1edbi l\u00e3nh \u0111\u1ea1o Iran ra th\u00f4ng \u0111i\u1ec7p n\u01b0\u1edbc n\u00e0y ch\u1eafc ch\u1eafn ki\u1ec3m so\u00e1t eo bi\u1ec3n Hormuz, trong khi \u00f4ng Trump ch\u1ec9 tr\u00edch nh\u1eefng ph\u00e1t n...<\/p><div class=\"na-meta\">01\/05\/2026 00:54 | tuoitre.vn<\/div><\/div><\/div><div class=\"na-card\"><div class=\"na-card-content\"><h3><span id=\"Ruc_ro_phao_hoa_dem_nghe_thuat_039Dong_Nai_dong_chay_lich_su_-_khat_vong_tuong_lai039\"><a href=\"https:\/\/tuoitre.vn\/ruc-ro-phao-hoa-dem-nghe-thuat-dong-nai-dong-chay-lich-su-khat-vong-tuong-lai-20260430234911442.htm\" target=\"_blank\" rel=\"noopener noreferrer\">R\u1ef1c r\u1ee1 ph\u00e1o hoa \u0111\u00eam ngh\u1ec7 thu\u1eadt &#039;\u0110\u1ed3ng Nai d\u00f2ng ch\u1ea3y l\u1ecbch s\u1eed - kh\u00e1t v\u1ecdng t\u01b0\u01a1ng lai&#039;<\/a><\/span><\/h3><p>Ch\u01b0\u01a1ng tr\u00ecnh ngh\u1ec7 thu\u1eadt \u201c\u0110\u1ed3ng Nai d\u00f2ng ch\u1ea3y l\u1ecbch s\u1eed - kh\u00e1t v\u1ecdng t\u01b0\u01a1ng lai\u201d ch\u00e0o m\u1eebng ng\u00e0y th\u1ed1ng nh\u1ea5t \u0111\u1ea5t n\u01b0\u1edbc v\u00e0 s\u1ef1 ki\u1ec7n...<\/p><div class=\"na-meta\">01\/05\/2026 00:53 | tuoitre.vn<\/div><\/div><\/div><div class=\"na-card\"><div class=\"na-card-content\"><h3><span id=\"Hoc_gi_de_khong_bi_AI_thay_the\"><a href=\"https:\/\/vnexpress.net\/hoc-gi-de-khong-bi-ai-thay-the-5068774.html\" target=\"_blank\" rel=\"noopener noreferrer\">H\u1ecdc g\u00ec \u0111\u1ec3 kh\u00f4ng b\u1ecb AI thay th\u1ebf?<\/a><\/span><\/h3><p>Chuy\u00ean gia nh\u1eadn \u0111\u1ecbnh AI kh\u00f4ng l\u1ea5y h\u1ebft vi\u1ec7c, nh\u01b0ng s\u1ebd lo\u1ea1i b\u1ecf nh\u1eefng ng\u01b0\u1eddi ch\u1ec9 c\u00f3 k\u1ef9 n\u0103ng l\u1eb7p l\u1ea1i, v\u00ec v\u1eady c\u1ea7n h\u1ecdc n\u0103ng l\u1ef1c...<\/p><div class=\"na-meta\">30\/04\/2026 22:51 | vnexpress.net<\/div><\/div><\/div><div class=\"na-card\"><div class=\"na-card-content\"><h3><span id=\"Simeone_va_hau_ve_Arsenal_cang_thang_vi_chuyen_giam_len_logo_Atletico\"><a href=\"https:\/\/vnexpress.net\/simeone-va-hau-ve-arsenal-cang-thang-vi-chuyen-giam-len-logo-atletico-5068780.html\" target=\"_blank\" rel=\"noopener noreferrer\">Simeone v\u00e0 h\u1eadu v\u1ec7 Arsenal c\u0103ng th\u1eb3ng v\u00ec chuy\u1ec7n gi\u1eabm l\u00ean logo Atletico<\/a><\/span><\/h3><p>Tr\u00ean \u0111\u01b0\u1eddng lui v\u00e0o \u0111\u01b0\u1eddng h\u1ea7m s\u00e2n Metropolitano, h\u1eadu v\u1ec7 Ben White \u0111\u00e3 kh\u00f4ng ch\u00fa \u00fd, d\u1eabn \u0111\u1ebfn vi\u1ec7c b\u01b0\u1edbc l\u00ean logo Atletico Mad...<\/p><div class=\"na-meta\">30\/04\/2026 22:22 | vnexpress.net<\/div><\/div><\/div><div class=\"na-card\"><div class=\"na-card-content\"><h3><span id=\"Mount_039Man_Utd_co_the_vo_dich_Ngoai_hang_Anh_mua_toi039\"><a href=\"https:\/\/vnexpress.net\/mount-man-utd-co-the-vo-dich-ngoai-hang-anh-mua-toi-5068781.html\" target=\"_blank\" rel=\"noopener noreferrer\">Mount: &#039;Man Utd c\u00f3 th\u1ec3 v\u00f4 \u0111\u1ecbch Ngo\u1ea1i h\u1ea1ng Anh m\u00f9a t\u1edbi&#039;<\/a><\/span><\/h3><p>Ti\u1ec1n v\u1ec7 Mason Mount tin Man Utd \u0111\u1ee7 kh\u1ea3 n\u0103ng ch\u1ea5m d\u1ee9t c\u01a1n kh\u00e1t danh hi\u1ec7u Ngo\u1ea1i h\u1ea1ng k\u00e9o d\u00e0i 14 n\u0103m, n\u1ebfu gi\u1eef tinh th\u1ea7n v\u00e0 ...<\/p><div class=\"na-meta\">30\/04\/2026 22:19 | vnexpress.net<\/div><\/div><\/div><div class=\"na-card\"><div class=\"na-card-content\"><h3><span id=\"Dieu_gi_xay_ra_neu_uong_nuoc_dua_chuot_thuong_xuyen\"><a href=\"https:\/\/vnexpress.net\/dieu-gi-xay-ra-neu-uong-nuoc-dua-chuot-thuong-xuyen-5068228.html\" target=\"_blank\" rel=\"noopener noreferrer\">\u0110i\u1ec1u g\u00ec x\u1ea3y ra n\u1ebfu u\u1ed1ng n\u01b0\u1edbc d\u01b0a chu\u1ed9t th\u01b0\u1eddng xuy\u00ean?<\/a><\/span><\/h3><p>N\u01b0\u1edbc d\u01b0a chu\u1ed9t b\u1ed5 sung n\u01b0\u1edbc, h\u1ed7 tr\u1ee3 gi\u1ea3m c\u00e2n, cung c\u1ea5p ch\u1ea5t ch\u1ed1ng oxy h\u00f3a v\u00e0 c\u00f3 th\u1ec3 gia\u0309m nguy c\u01a1 ung th\u01b0....<\/p><div class=\"na-meta\">30\/04\/2026 22:12 | vnexpress.net<\/div><\/div><\/div><div class=\"na-card\"><div class=\"na-card-content\"><h3><span id=\"Hoc_sinh_che_keo_boi_vet_thuong_tu_tra_re_bang_110_hang_ngoai\"><a href=\"https:\/\/vnexpress.net\/hoc-sinh-che-keo-boi-vet-thuong-tu-tra-re-bang-1-10-hang-ngoai-5066602.html\" target=\"_blank\" rel=\"noopener noreferrer\">H\u1ecdc sinh ch\u1ebf keo b\u00f4i v\u1ebft th\u01b0\u01a1ng t\u1eeb tr\u00e0, r\u1ebb b\u1eb1ng 1\/10 h\u00e0ng ngo\u1ea1i<\/a><\/span><\/h3><p>D\u00f9ng ch\u1ea5t chi\u1ebft xu\u1ea5t t\u1eeb l\u00e1 tr\u00e0, v\u1ecf t\u00f4m v\u00e0 nano b\u1ea1c, 5 h\u1ecdc sinh t\u1ea1o ra keo d\u00e1n v\u1ebft th\u01b0\u01a1ng v\u1edbi gi\u00e1 18-35.000 \u0111\u1ed3ng....<\/p><div class=\"na-meta\">30\/04\/2026 22:06 | vnexpress.net<\/div><\/div><\/div><div class=\"na-card\"><div class=\"na-card-content\"><h3><span id=\"Diem_tua_an_sinh_giua_TPHCM_Khi_nhung_cuoc_doi_duoc_giu_lai_dung_luc\"><a href=\"https:\/\/thanhnien.vn\/diem-tua-an-sinh-giua-tphcm-khi-nhung-cuoc-doi-duoc-giu-lai-dung-luc-185260430213608914.htm\" target=\"_blank\" rel=\"noopener noreferrer\">\u0110i\u1ec3m t\u1ef1a an sinh gi\u1eefa TP.HCM: Khi nh\u1eefng cu\u1ed9c \u0111\u1eddi \u0111\u01b0\u1ee3c gi\u1eef l\u1ea1i \u0111\u00fang l\u00fac<\/a><\/span><\/h3><p>Sau khi m\u1edf r\u1ed9ng kh\u00f4ng gian ph\u00e1t tri\u1ec3n, TP.HCM tr\u1edf th\u00e0nh \u201csi\u00eau \u0111\u00f4 th\u1ecb\u201d l\u1edbn nh\u1ea5t c\u1ea3 n\u01b0\u1edbc. \u0110i c\u00f9ng t\u0103ng tr\u01b0\u1edfng l\u00e0 \u00e1p l\u1ef1c an...<\/p><div class=\"na-meta\">30\/04\/2026 23:03 | www.thanhnien.vn<\/div><\/div><\/div><div class=\"na-card\"><div class=\"na-card-content\"><h3><span id=\"Bi_an_mieu_co_135_nam_giua_TPHCM_Dau_tich_nhung_vo_tuong_thoi_Nguyen\"><a href=\"https:\/\/thanhnien.vn\/bi-an-mieu-co-135-nam-giua-tphcm-dau-tich-nhung-vo-tuong-thoi-nguyen-185260426170439497.htm\" target=\"_blank\" rel=\"noopener noreferrer\">B\u00ed \u1ea9n mi\u1ebfu c\u1ed5 135 n\u0103m gi\u1eefa TP.HCM: D\u1ea5u t\u00edch nh\u1eefng v\u00f5 t\u01b0\u1edbng th\u1eddi Nguy\u1ec5n<\/a><\/span><\/h3><p>Gi\u1eefa TP.HCM, mi\u1ebfu c\u1ed5 H\u00f2a T\u00e2y h\u01a1n 135 n\u0103m tu\u1ed5i l\u00e0 n\u01a1i th\u1edd c\u00e1c v\u00f5 t\u01b0\u1edbng th\u1eddi Nguy\u1ec5n t\u1eebng khi\u1ebfn gi\u1eb7c Ph\u00e1p khi\u1ebfp s\u1ee3....<\/p><div class=\"na-meta\">30\/04\/2026 23:00 | www.thanhnien.vn<\/div><\/div><\/div><div class=\"na-card\"><div class=\"na-card-content\"><h3><span id=\"Phuong_Nam_hoi_tu_va_dung_hoa_van_hoa\"><a href=\"https:\/\/thanhnien.vn\/phuong-nam-hoi-tu-va-dung-hoa-van-hoa-18526042717070496.htm\" target=\"_blank\" rel=\"noopener noreferrer\">Ph\u01b0\u01a1ng Nam h\u1ed9i t\u1ee5 v\u00e0 dung h\u00f2a v\u0103n h\u00f3a<\/a><\/span><\/h3><p>Nh\u1eafn ai \u0111i v\u1ec1 mi\u1ec1n \u0111\u1ea5t ph\u01b0\u01a1ng Nam\/Tr\u1eddi xanh m\u00e2y tr\u1eafng, soi d\u00f2ng C\u1eedu Long Giang\/M\u00eanh m\u00f4ng r\u1eebng tr\u00e0m, b\u1ea1t ng\u00e0n d\u1eeba xanh\/ T...<\/p><div class=\"na-meta\">30\/04\/2026 23:00 | www.thanhnien.vn<\/div><\/div><\/div><div class=\"na-card\"><div class=\"na-card-content\"><h3><span id=\"Dong_Nai_039len_doi039_ngoan_muc_Nguoi_tre_hanh_dien_truoc_buoc_ngoat_lich_su\"><a href=\"https:\/\/thanhnien.vn\/dong-nai-len-doi-ngoan-muc-nguoi-tre-hanh-dien-truoc-buoc-ngoat-lich-su-185260430154107529.htm\" target=\"_blank\" rel=\"noopener noreferrer\">\u0110\u1ed3ng Nai &#039;l\u00ean \u0111\u1eddi&#039; ngo\u1ea1n m\u1ee5c: Ng\u01b0\u1eddi tr\u1ebb h\u00e3nh di\u1ec7n tr\u01b0\u1edbc b\u01b0\u1edbc ngo\u1eb7t l\u1ecbch s\u1eed<\/a><\/span><\/h3><p>\u0110\u1ed3ng Nai ch\u00ednh th\u1ee9c tr\u1edf th\u00e0nh th\u00e0nh ph\u1ed1 \u0111ang t\u1ea1o n\u00ean &quot;l\u00e0n s\u00f3ng&quot; ph\u1ea5n kh\u1edfi trong c\u1ed9ng \u0111\u1ed3ng ng\u01b0\u1eddi tr\u1ebb \u0111\u1ecba ph\u01b0\u01a1ng. Tr\u01b0\u1edbc s\u1ef1...<\/p><div class=\"na-meta\">30\/04\/2026 23:00 | www.thanhnien.vn<\/div><\/div><\/div><div class=\"na-card\"><div class=\"na-card-content\"><h3><span id=\"Clip_em_trai_tang_chai_tien_tiet_kiem_trong_dam_hoi_co_dau_nghen_ngao\"><a href=\"https:\/\/thanhnien.vn\/clip-em-trai-tang-chai-tien-tiet-kiem-trong-dam-hoi-co-dau-nghen-ngao-185260430160001713.htm\" target=\"_blank\" rel=\"noopener noreferrer\">Clip em trai t\u1eb7ng chai ti\u1ec1n ti\u1ebft ki\u1ec7m trong \u0111\u00e1m h\u1ecfi, c\u00f4 d\u00e2u ngh\u1eb9n ng\u00e0o<\/a><\/span><\/h3><p>Trong \u0111\u00e1m h\u1ecfi, em trai mang chai ti\u1ec1n ti\u1ebft ki\u1ec7m t\u1ef1 tay d\u00e0nh d\u1ee5m t\u1eb7ng ch\u1ecb g\u00e1i, kho\u1ea3nh kh\u1eafc gi\u1ea3n d\u1ecb nh\u01b0ng khi\u1ebfn c\u00f4 d\u00e2u v\u00e0 ...<\/p><div class=\"na-meta\">30\/04\/2026 23:00 | www.thanhnien.vn<\/div><\/div><\/div><div class=\"na-card\"><div class=\"na-card-content\"><h3><span id=\"Bao_Nhan_Dan_so_25733\"><a href=\"https:\/\/nhandan.vn\/bao-nhan-dan-so-25733-post959488.html\" target=\"_blank\" rel=\"noopener noreferrer\">B\u00e1o Nh\u00e2n D\u00e2n s\u1ed1 25733<\/a><\/span><\/h3><p>B\u00e1o Nh\u00e2n D\u00e2n s\u1ed1 25733...<\/p><div class=\"na-meta\">30\/04\/2026 23:01 | nhandan.vn<\/div><\/div><\/div><div class=\"na-card\"><div class=\"na-card-content\"><h3><span id=\"Vi_pham_ban_quyen_xuat_ban_gia_tang_lan_rong_tren_moi_truong_so\"><a href=\"https:\/\/nhandan.vn\/vi-pham-ban-quyen-xuat-ban-gia-tang-lan-rong-tren-moi-truong-so-post958246.html\" target=\"_blank\" rel=\"noopener noreferrer\">Vi ph\u1ea1m b\u1ea3n quy\u1ec1n xu\u1ea5t b\u1ea3n gia t\u0103ng, lan r\u1ed9ng tr\u00ean m\u00f4i tr\u01b0\u1eddng s\u1ed1<\/a><\/span><\/h3><p>Vi ph\u1ea1m b\u1ea3n quy\u1ec1n trong l\u0129nh v\u1ef1c xu\u1ea5t b\u1ea3n \u0111ang l\u00e0 v\u1ea5n \u0111\u1ec1 nh\u1ee9c nh\u1ed1i, v\u1edbi xu h\u01b0\u1edbng gia t\u0103ng c\u1ea3 v\u1ec1 quy m\u00f4 v\u00e0 m\u1ee9c \u0111\u1ed9 tinh vi...<\/p><div class=\"na-meta\">30\/04\/2026 23:00 | nhandan.vn<\/div><\/div><\/div><div class=\"na-card\"><div class=\"na-card-content\"><h3><span id=\"Video_Du_bao_thoi_tiet_ngay_0152026_Khong_khi_lanh_suy_yeu_nang_mo_rong_tren_ca_nuoc_mien_Nam_duy_tri_nang_nong\"><a href=\"https:\/\/nhandan.vn\/video-du-bao-thoi-tiet-ngay-0152026-khong-khi-lanh-suy-yeu-nang-mo-rong-tren-ca-nuoc-mien-nam-duy-tri-nang-nong-post959342.html\" target=\"_blank\" rel=\"noopener noreferrer\">[Video] D\u1ef1 b\u00e1o th\u1eddi ti\u1ebft ng\u00e0y 01\/5\/2026: Kh\u00f4ng kh\u00ed l\u1ea1nh suy y\u1ebfu, n\u1eafng m\u1edf r\u1ed9ng tr\u00ean c\u1ea3 n\u01b0\u1edbc, mi\u1ec1n Nam duy tr\u00ec n\u1eafng n\u00f3ng<\/a><\/span><\/h3><p>H\u00f4m nay, th\u1eddi ti\u1ebft tr\u00ean c\u1ea3 n\u01b0\u1edbc chuy\u1ec3n sang tr\u1ea1ng th\u00e1i \u1ed5n \u0111\u1ecbnh h\u01a1n, m\u01b0a gi\u1ea3m v\u00e0 n\u1eafng xu\u1ea5t hi\u1ec7n tr\u00ean di\u1ec7n r\u1ed9ng. B\u1eafc B\u1ed9 v\u00e0...<\/p><div class=\"na-meta\">30\/04\/2026 23:00 | nhandan.vn<\/div><\/div><\/div><div class=\"na-card\"><div class=\"na-card-content\"><h3><span id=\"Video_Ngay_Quoc_te_Lao_dong_15_Cham_lo_viec_lam_doi_song_nguoi_lao_dong\"><a href=\"https:\/\/nhandan.vn\/video-ngay-quoc-te-lao-dong-15-cham-lo-viec-lam-doi-song-nguoi-lao-dong-post959360.html\" target=\"_blank\" rel=\"noopener noreferrer\">[Video] Ng\u00e0y Qu\u1ed1c t\u1ebf Lao \u0111\u1ed9ng 1\/5 \u2013 Ch\u0103m lo vi\u1ec7c l\u00e0m, \u0111\u1eddi s\u1ed1ng ng\u01b0\u1eddi lao \u0111\u1ed9ng<\/a><\/span><\/h3><p>Ng\u00e0y Qu\u1ed1c t\u1ebf Lao \u0111\u1ed9ng 1\/5 l\u00e0 d\u1ecbp \u0111\u1ec3 t\u00f4n vinh nh\u1eefng \u0111\u00f3ng g\u00f3p c\u1ee7a giai c\u1ea5p c\u00f4ng nh\u00e2n v\u00e0 ng\u01b0\u1eddi lao \u0111\u1ed9ng tr\u00ean to\u00e0n th\u1ebf gi\u1edbi,...<\/p><div class=\"na-meta\">30\/04\/2026 23:00 | nhandan.vn<\/div><\/div><\/div><div class=\"na-card\"><div class=\"na-card-content\"><h3><span id=\"Video_Pha_duong_day_mua_ban_trai_phep_hon_16700_hoa_don\"><a href=\"https:\/\/nhandan.vn\/video-pha-duong-day-mua-ban-trai-phep-hon-16700-hoa-don-post959435.html\" target=\"_blank\" rel=\"noopener noreferrer\">[Video] Ph\u00e1 \u0111\u01b0\u1eddng d\u00e2y mua b\u00e1n tr\u00e1i ph\u00e9p h\u01a1n 16.700 h\u00f3a \u0111\u01a1n<\/a><\/span><\/h3><p>Ng\u00e0y 30\/4, Ph\u00f2ng C\u1ea3nh s\u00e1t kinh t\u1ebf, C\u00f4ng an TP. H\u1ed3 Ch\u00ed Minh cho bi\u1ebft, \u0111\u01a1n v\u1ecb v\u1eeba tri\u1ec7t ph\u00e1 \u0111\u01b0\u1eddng d\u00e2y mua b\u00e1n tr\u00e1i ph\u00e9p h\u00f3...<\/p><div class=\"na-meta\">30\/04\/2026 23:00 | nhandan.vn<\/div><\/div><\/div><\/div><\/p>\n","protected":false},"excerpt":{"rendered":"<p>T\u1ed5ng h\u1ee3p tin t\u1ee9c vi\u1ec7t Nam<\/p>\n","protected":false},"author":1,"featured_media":0,"parent":0,"menu_order":0,"comment_status":"closed","ping_status":"closed","template":"","meta":{"footnotes":""},"class_list":["post-4991","page","type-page","status-publish","hentry"],"_links":{"self":[{"href":"https:\/\/cafe2sach.com\/index.php\/wp-json\/wp\/v2\/pages\/4991","targetHints":{"allow":["GET"]}}],"collection":[{"href":"https:\/\/cafe2sach.com\/index.php\/wp-json\/wp\/v2\/pages"}],"about":[{"href":"https:\/\/cafe2sach.com\/index.php\/wp-json\/wp\/v2\/types\/page"}],"author":[{"embeddable":true,"href":"https:\/\/cafe2sach.com\/index.php\/wp-json\/wp\/v2\/users\/1"}],"replies":[{"embeddable":true,"href":"https:\/\/cafe2sach.com\/index.php\/wp-json\/wp\/v2\/comments?post=4991"}],"version-history":[{"count":3,"href":"https:\/\/cafe2sach.com\/index.php\/wp-json\/wp\/v2\/pages\/4991\/revisions"}],"predecessor-version":[{"id":5229,"href":"https:\/\/cafe2sach.com\/index.php\/wp-json\/wp\/v2\/pages\/4991\/revisions\/5229"}],"wp:attachment":[{"href":"https:\/\/cafe2sach.com\/index.php\/wp-json\/wp\/v2\/media?parent=4991"}],"curies":[{"name":"wp","href":"https:\/\/api.w.org\/{rel}","templated":true}]}}